{"id":6357,"date":"2024-01-02T14:37:26","date_gmt":"2024-01-02T13:37:26","guid":{"rendered":"https:\/\/jankakiss.com\/blog\/"},"modified":"2025-01-20T13:47:22","modified_gmt":"2025-01-20T12:47:22","slug":"blog","status":"publish","type":"page","link":"https:\/\/jankakiss.com\/en\/blog\/","title":{"rendered":"Blog"},"content":{"rendered":"\t\t<div data-elementor-type=\"wp-page\" data-elementor-id=\"6357\" class=\"elementor elementor-6357 elementor-450\">\n\t\t\t\t<div class=\"elementor-element elementor-element-ac2949f e-flex e-con-boxed e-con e-parent\" data-id=\"ac2949f\" data-element_type=\"container\">\n\t\t\t\t\t<div class=\"e-con-inner\">\n\t\t\t\t<div class=\"elementor-element elementor-element-8bbc1c8 nav-left elementor-widget elementor-widget-wgl-blog\" data-id=\"8bbc1c8\" data-element_type=\"widget\" data-settings=\"{&quot;blog_columns&quot;:&quot;4&quot;}\" data-widget_type=\"wgl-blog.default\">\n\t\t\t\t<div class=\"elementor-widget-container\">\n\t\t\t\t\t<section class=\"wgl_cpt_section\"><div class=\"blog-posts\"><div class=\"container-grid row blog_columns-3 grid blog-style-standard\">    <div class=\"item wgl_col-4\">\r\n    <div class=\"blog-post format-standard-image\">\r\n    <div class=\"blog-post_wrapper\"><div class=\"blog-post_media\"><div class=\"blog-post_media_part\"><a href=\"https:\/\/jankakiss.com\/en\/braend-love-story-volume-iii\/\" class=\"media-link image-overlay\"><img decoding=\"async\" src=\"https:\/\/jankakiss.com\/wp-content\/uploads\/2025\/01\/Clanoky-slider-III-1170x712.jpg\" alt=\"A woman wearing a T-shirt with the text &quot;No Brand.&quot;\"><\/a><\/div><\/div>    <div class=\"blog-post_content\"><div class=\"post_meta-wrap\"><div class=\"meta-data\"><span class=\"post_date\">22. January 2025<\/span><span class=\"post_author\"><span>by <a href=\"https:\/\/jankakiss.com\/en\/author\/jankakiss\/\">Janka Kiss<\/a><\/span><\/span><\/div><\/div><h4 class=\"blog-post_title\"><a href=\"https:\/\/jankakiss.com\/en\/braend-love-story-volume-iii\/\">Bra(e)nd Love story, 3.<\/a><\/h4><div class=\"blog-post_text\">A reflection of values and a story about the search for truth &#8211; about masks, the lost sincerity of art and about...<\/div><div class=\"clear\"><\/div><div class=\"blog-post_footer\">            <div class=\"read-more-wrap\">\r\n                <a href=\"https:\/\/jankakiss.com\/en\/braend-love-story-volume-iii\/\" class=\"button-read-more \"><span>Read more<\/span>                <\/a>\r\n            <\/div><div class=\"post_meta-wrap\"><\/div>    <\/div>\r\n    <\/div>\r\n    <\/div>\r\n    <\/div>\r\n    <\/div>    <div class=\"item wgl_col-4\">\r\n    <div class=\"blog-post format-standard-image\">\r\n    <div class=\"blog-post_wrapper\"><div class=\"blog-post_media\"><div class=\"blog-post_media_part\"><a href=\"https:\/\/jankakiss.com\/en\/braend-love-story-volume-i\/\" class=\"media-link image-overlay\"><img decoding=\"async\" src=\"https:\/\/jankakiss.com\/wp-content\/uploads\/2024\/12\/Clanoky-slider-I-1170x712.jpg\" alt=\"A woman wearing a T-shirt with the text &quot;No Brand.&quot;\"><\/a><\/div><\/div>    <div class=\"blog-post_content\"><div class=\"post_meta-wrap\"><div class=\"meta-data\"><span class=\"post_date\">12. December 2024<\/span><span class=\"post_author\"><span>by <a href=\"https:\/\/jankakiss.com\/en\/author\/jankakiss\/\">Janka Kiss<\/a><\/span><\/span><\/div><\/div><h4 class=\"blog-post_title\"><a href=\"https:\/\/jankakiss.com\/en\/braend-love-story-volume-i\/\">Bra(e)nd Love story, 1<\/a><\/h4><div class=\"blog-post_text\">A reflection of values and a story about the search for truth &#8211; about masks, the lost sincerity of art and about...<\/div><div class=\"clear\"><\/div><div class=\"blog-post_footer\">            <div class=\"read-more-wrap\">\r\n                <a href=\"https:\/\/jankakiss.com\/en\/braend-love-story-volume-i\/\" class=\"button-read-more \"><span>Read more<\/span>                <\/a>\r\n            <\/div><div class=\"post_meta-wrap\"><\/div>    <\/div>\r\n    <\/div>\r\n    <\/div>\r\n    <\/div>\r\n    <\/div>    <div class=\"item wgl_col-4\">\r\n    <div class=\"blog-post format-standard-image\">\r\n    <div class=\"blog-post_wrapper\"><div class=\"blog-post_media\"><div class=\"blog-post_media_part\"><a href=\"https:\/\/jankakiss.com\/en\/braend-love-story-volume-second\/\" class=\"media-link image-overlay\"><img decoding=\"async\" src=\"https:\/\/jankakiss.com\/wp-content\/uploads\/2024\/12\/Clanoky-slider-II-1170x712.jpg\" alt=\"A woman wearing a T-shirt with the text &quot;No Brand.&quot;\"><\/a><\/div><\/div>    <div class=\"blog-post_content\"><div class=\"post_meta-wrap\"><div class=\"meta-data\"><span class=\"post_date\">2. December 2024<\/span><span class=\"post_author\"><span>by <a href=\"https:\/\/jankakiss.com\/en\/author\/jankakiss\/\">Janka Kiss<\/a><\/span><\/span><\/div><\/div><h4 class=\"blog-post_title\"><a href=\"https:\/\/jankakiss.com\/en\/braend-love-story-volume-second\/\">Bra(e)nd Love story, 2<\/a><\/h4><div class=\"blog-post_text\">A reflection of values and a story about the search for truth &#8211; about masks, the lost sincerity of art and about...<\/div><div class=\"clear\"><\/div><div class=\"blog-post_footer\">            <div class=\"read-more-wrap\">\r\n                <a href=\"https:\/\/jankakiss.com\/en\/braend-love-story-volume-second\/\" class=\"button-read-more \"><span>Read more<\/span>                <\/a>\r\n            <\/div><div class=\"post_meta-wrap\"><\/div>    <\/div>\r\n    <\/div>\r\n    <\/div>\r\n    <\/div>\r\n    <\/div><\/div><\/div><\/section>\t\t\t\t<\/div>\n\t\t\t\t<\/div>\n\t\t\t\t\t<\/div>\n\t\t\t\t<\/div>\n\t\t\t\t<\/div>\n\t\t","protected":false},"excerpt":{"rendered":"<p>12. decembra 2024&nbsp;jankakiss Bra(e)nd Love story, diel I. Reflexia na hodnoty, pr\u00edbeh o oby\u010dajnej pravde, mask\u00e1ch a stratenej \u00faprimnosti umenia v obdob\u00ed, ke\u010fboli metaforicky&#8230; Read more 2. decembra 2024&nbsp;jankakiss Bra(e)nd Love story, diel II. Reflexia na hodnoty, pr\u00edbeh o oby\u010dajnej pravde, mask\u00e1ch a stratenej \u00faprimnosti umenia v obdob\u00ed, ke\u010fboli metaforicky&#8230; Read more<\/p>\n","protected":false},"author":1,"featured_media":0,"parent":0,"menu_order":0,"comment_status":"closed","ping_status":"closed","template":"","meta":{"footnotes":""},"class_list":["post-6357","page","type-page","status-publish","hentry"],"yoast_head":"<!-- This site is optimized with the Yoast SEO plugin v26.3 - https:\/\/yoast.com\/wordpress\/plugins\/seo\/ -->\n<title>Blog - Janka Kiss<\/title>\n<meta name=\"robots\" content=\"index, follow, max-snippet:-1, max-image-preview:large, max-video-preview:-1\" \/>\n<link rel=\"canonical\" href=\"https:\/\/jankakiss.com\/en\/blog\/\" \/>\n<meta property=\"og:locale\" content=\"en_US\" \/>\n<meta property=\"og:type\" content=\"article\" \/>\n<meta property=\"og:title\" content=\"Blog - Janka Kiss\" \/>\n<meta property=\"og:description\" content=\"12. decembra 2024&nbsp;jankakiss Bra(e)nd Love story, diel I. Reflexia na hodnoty, pr\u00edbeh o oby\u010dajnej pravde, mask\u00e1ch a stratenej \u00faprimnosti umenia v obdob\u00ed, ke\u010fboli metaforicky&#8230; Read more 2. decembra 2024&nbsp;jankakiss Bra(e)nd Love story, diel II. Reflexia na hodnoty, pr\u00edbeh o oby\u010dajnej pravde, mask\u00e1ch a stratenej \u00faprimnosti umenia v obdob\u00ed, ke\u010fboli metaforicky&#8230; Read more\" \/>\n<meta property=\"og:url\" content=\"https:\/\/jankakiss.com\/en\/blog\/\" \/>\n<meta property=\"og:site_name\" content=\"Janka Kiss\" \/>\n<meta property=\"article:modified_time\" content=\"2025-01-20T12:47:22+00:00\" \/>\n<meta property=\"og:image\" content=\"https:\/\/jankakiss.com\/wp-content\/uploads\/2024\/12\/Clanoky-slider-I-1170x712.jpg\" \/>\n<meta name=\"twitter:card\" content=\"summary_large_image\" \/>\n<script type=\"application\/ld+json\" class=\"yoast-schema-graph\">{\"@context\":\"https:\/\/schema.org\",\"@graph\":[{\"@type\":\"WebPage\",\"@id\":\"https:\/\/jankakiss.com\/en\/blog\/\",\"url\":\"https:\/\/jankakiss.com\/en\/blog\/\",\"name\":\"Blog - Janka Kiss\",\"isPartOf\":{\"@id\":\"https:\/\/jankakiss.com\/en\/#website\"},\"primaryImageOfPage\":{\"@id\":\"https:\/\/jankakiss.com\/en\/blog\/#primaryimage\"},\"image\":{\"@id\":\"https:\/\/jankakiss.com\/en\/blog\/#primaryimage\"},\"thumbnailUrl\":\"https:\/\/jankakiss.com\/wp-content\/uploads\/2024\/12\/Clanoky-slider-I-1170x712.jpg\",\"datePublished\":\"2024-01-02T13:37:26+00:00\",\"dateModified\":\"2025-01-20T12:47:22+00:00\",\"breadcrumb\":{\"@id\":\"https:\/\/jankakiss.com\/en\/blog\/#breadcrumb\"},\"inLanguage\":\"en-US\",\"potentialAction\":[{\"@type\":\"ReadAction\",\"target\":[\"https:\/\/jankakiss.com\/en\/blog\/\"]}]},{\"@type\":\"ImageObject\",\"inLanguage\":\"en-US\",\"@id\":\"https:\/\/jankakiss.com\/en\/blog\/#primaryimage\",\"url\":\"https:\/\/jankakiss.com\/wp-content\/uploads\/2024\/12\/Clanoky-slider-I-1170x712.jpg\",\"contentUrl\":\"https:\/\/jankakiss.com\/wp-content\/uploads\/2024\/12\/Clanoky-slider-I-1170x712.jpg\"},{\"@type\":\"BreadcrumbList\",\"@id\":\"https:\/\/jankakiss.com\/en\/blog\/#breadcrumb\",\"itemListElement\":[{\"@type\":\"ListItem\",\"position\":1,\"name\":\"Domov\",\"item\":\"https:\/\/jankakiss.com\/en\/\"},{\"@type\":\"ListItem\",\"position\":2,\"name\":\"Blog\"}]},{\"@type\":\"WebSite\",\"@id\":\"https:\/\/jankakiss.com\/en\/#website\",\"url\":\"https:\/\/jankakiss.com\/en\/\",\"name\":\"Janka Kiss\",\"description\":\"\",\"publisher\":{\"@id\":\"https:\/\/jankakiss.com\/en\/#\/schema\/person\/a377281a0642458e3f6771210f25f2ad\"},\"potentialAction\":[{\"@type\":\"SearchAction\",\"target\":{\"@type\":\"EntryPoint\",\"urlTemplate\":\"https:\/\/jankakiss.com\/en\/?s={search_term_string}\"},\"query-input\":{\"@type\":\"PropertyValueSpecification\",\"valueRequired\":true,\"valueName\":\"search_term_string\"}}],\"inLanguage\":\"en-US\"},{\"@type\":[\"Person\",\"Organization\"],\"@id\":\"https:\/\/jankakiss.com\/en\/#\/schema\/person\/a377281a0642458e3f6771210f25f2ad\",\"name\":\"Janka Kiss\",\"image\":{\"@type\":\"ImageObject\",\"inLanguage\":\"en-US\",\"@id\":\"https:\/\/jankakiss.com\/en\/#\/schema\/person\/image\/\",\"url\":\"https:\/\/secure.gravatar.com\/avatar\/27e99729e122b15363c5acb784f158fa3a312bc64285c8585bc7779c024eff7d?s=96&d=mm&r=g\",\"contentUrl\":\"https:\/\/secure.gravatar.com\/avatar\/27e99729e122b15363c5acb784f158fa3a312bc64285c8585bc7779c024eff7d?s=96&d=mm&r=g\",\"caption\":\"Janka Kiss\"},\"logo\":{\"@id\":\"https:\/\/jankakiss.com\/en\/#\/schema\/person\/image\/\"},\"sameAs\":[\"https:\/\/www.linkedin.com\/in\/janka-r-97861921\/\"]}]}<\/script>\n<!-- \/ Yoast SEO plugin. -->","yoast_head_json":{"title":"Blog - Janka Kiss","robots":{"index":"index","follow":"follow","max-snippet":"max-snippet:-1","max-image-preview":"max-image-preview:large","max-video-preview":"max-video-preview:-1"},"canonical":"https:\/\/jankakiss.com\/en\/blog\/","og_locale":"en_US","og_type":"article","og_title":"Blog - Janka Kiss","og_description":"12. decembra 2024&nbsp;jankakiss Bra(e)nd Love story, diel I. Reflexia na hodnoty, pr\u00edbeh o oby\u010dajnej pravde, mask\u00e1ch a stratenej \u00faprimnosti umenia v obdob\u00ed, ke\u010fboli metaforicky&#8230; Read more 2. decembra 2024&nbsp;jankakiss Bra(e)nd Love story, diel II. Reflexia na hodnoty, pr\u00edbeh o oby\u010dajnej pravde, mask\u00e1ch a stratenej \u00faprimnosti umenia v obdob\u00ed, ke\u010fboli metaforicky&#8230; Read more","og_url":"https:\/\/jankakiss.com\/en\/blog\/","og_site_name":"Janka Kiss","article_modified_time":"2025-01-20T12:47:22+00:00","og_image":[{"url":"https:\/\/jankakiss.com\/wp-content\/uploads\/2024\/12\/Clanoky-slider-I-1170x712.jpg","type":"","width":"","height":""}],"twitter_card":"summary_large_image","schema":{"@context":"https:\/\/schema.org","@graph":[{"@type":"WebPage","@id":"https:\/\/jankakiss.com\/en\/blog\/","url":"https:\/\/jankakiss.com\/en\/blog\/","name":"Blog - Janka Kiss","isPartOf":{"@id":"https:\/\/jankakiss.com\/en\/#website"},"primaryImageOfPage":{"@id":"https:\/\/jankakiss.com\/en\/blog\/#primaryimage"},"image":{"@id":"https:\/\/jankakiss.com\/en\/blog\/#primaryimage"},"thumbnailUrl":"https:\/\/jankakiss.com\/wp-content\/uploads\/2024\/12\/Clanoky-slider-I-1170x712.jpg","datePublished":"2024-01-02T13:37:26+00:00","dateModified":"2025-01-20T12:47:22+00:00","breadcrumb":{"@id":"https:\/\/jankakiss.com\/en\/blog\/#breadcrumb"},"inLanguage":"en-US","potentialAction":[{"@type":"ReadAction","target":["https:\/\/jankakiss.com\/en\/blog\/"]}]},{"@type":"ImageObject","inLanguage":"en-US","@id":"https:\/\/jankakiss.com\/en\/blog\/#primaryimage","url":"https:\/\/jankakiss.com\/wp-content\/uploads\/2024\/12\/Clanoky-slider-I-1170x712.jpg","contentUrl":"https:\/\/jankakiss.com\/wp-content\/uploads\/2024\/12\/Clanoky-slider-I-1170x712.jpg"},{"@type":"BreadcrumbList","@id":"https:\/\/jankakiss.com\/en\/blog\/#breadcrumb","itemListElement":[{"@type":"ListItem","position":1,"name":"Domov","item":"https:\/\/jankakiss.com\/en\/"},{"@type":"ListItem","position":2,"name":"Blog"}]},{"@type":"WebSite","@id":"https:\/\/jankakiss.com\/en\/#website","url":"https:\/\/jankakiss.com\/en\/","name":"Janka Kiss","description":"","publisher":{"@id":"https:\/\/jankakiss.com\/en\/#\/schema\/person\/a377281a0642458e3f6771210f25f2ad"},"potentialAction":[{"@type":"SearchAction","target":{"@type":"EntryPoint","urlTemplate":"https:\/\/jankakiss.com\/en\/?s={search_term_string}"},"query-input":{"@type":"PropertyValueSpecification","valueRequired":true,"valueName":"search_term_string"}}],"inLanguage":"en-US"},{"@type":["Person","Organization"],"@id":"https:\/\/jankakiss.com\/en\/#\/schema\/person\/a377281a0642458e3f6771210f25f2ad","name":"Janka Kiss","image":{"@type":"ImageObject","inLanguage":"en-US","@id":"https:\/\/jankakiss.com\/en\/#\/schema\/person\/image\/","url":"https:\/\/secure.gravatar.com\/avatar\/27e99729e122b15363c5acb784f158fa3a312bc64285c8585bc7779c024eff7d?s=96&d=mm&r=g","contentUrl":"https:\/\/secure.gravatar.com\/avatar\/27e99729e122b15363c5acb784f158fa3a312bc64285c8585bc7779c024eff7d?s=96&d=mm&r=g","caption":"Janka Kiss"},"logo":{"@id":"https:\/\/jankakiss.com\/en\/#\/schema\/person\/image\/"},"sameAs":["https:\/\/www.linkedin.com\/in\/janka-r-97861921\/"]}]}},"_links":{"self":[{"href":"https:\/\/jankakiss.com\/en\/wp-json\/wp\/v2\/pages\/6357","targetHints":{"allow":["GET"]}}],"collection":[{"href":"https:\/\/jankakiss.com\/en\/wp-json\/wp\/v2\/pages"}],"about":[{"href":"https:\/\/jankakiss.com\/en\/wp-json\/wp\/v2\/types\/page"}],"author":[{"embeddable":true,"href":"https:\/\/jankakiss.com\/en\/wp-json\/wp\/v2\/users\/1"}],"replies":[{"embeddable":true,"href":"https:\/\/jankakiss.com\/en\/wp-json\/wp\/v2\/comments?post=6357"}],"version-history":[{"count":2,"href":"https:\/\/jankakiss.com\/en\/wp-json\/wp\/v2\/pages\/6357\/revisions"}],"predecessor-version":[{"id":6364,"href":"https:\/\/jankakiss.com\/en\/wp-json\/wp\/v2\/pages\/6357\/revisions\/6364"}],"wp:attachment":[{"href":"https:\/\/jankakiss.com\/en\/wp-json\/wp\/v2\/media?parent=6357"}],"curies":[{"name":"wp","href":"https:\/\/api.w.org\/{rel}","templated":true}]}}