{"id":6366,"date":"2023-12-25T07:39:34","date_gmt":"2023-12-25T06:39:34","guid":{"rendered":"https:\/\/jankakiss.com\/cart\/"},"modified":"2025-01-20T13:47:23","modified_gmt":"2025-01-20T12:47:23","slug":"cart","status":"publish","type":"page","link":"https:\/\/jankakiss.com\/en\/cart\/","title":{"rendered":"Cart"},"content":{"rendered":"\n<div data-block-name=\"woocommerce\/cart\" class=\"wp-block-woocommerce-cart alignwide is-loading\">\n<div data-block-name=\"woocommerce\/filled-cart-block\" class=\"wp-block-woocommerce-filled-cart-block\">\n<div data-block-name=\"woocommerce\/cart-items-block\" class=\"wp-block-woocommerce-cart-items-block\">\n<div data-block-name=\"woocommerce\/cart-line-items-block\" class=\"wp-block-woocommerce-cart-line-items-block\"><\/div>\n\n\n\n<div data-block-name=\"woocommerce\/cart-cross-sells-block\" class=\"wp-block-woocommerce-cart-cross-sells-block\">\n<h2 class=\"wp-block-heading has-large-font-size\">You may be interested in&#8230;<\/h2>\n\n\n\n<div data-block-name=\"woocommerce\/cart-cross-sells-products-block\" class=\"wp-block-woocommerce-cart-cross-sells-products-block\"><\/div>\n<\/div>\n<\/div>\n\n\n\n<div data-block-name=\"woocommerce\/cart-totals-block\" class=\"wp-block-woocommerce-cart-totals-block\">\n<div data-block-name=\"woocommerce\/cart-order-summary-block\" class=\"wp-block-woocommerce-cart-order-summary-block\">\n<div data-block-name=\"woocommerce\/cart-order-summary-heading-block\" class=\"wp-block-woocommerce-cart-order-summary-heading-block\"><\/div><div data-block-name=\"woocommerce\/cart-order-summary-coupon-form-block\" class=\"wp-block-woocommerce-cart-order-summary-coupon-form-block\"><\/div><div data-block-name=\"woocommerce\/cart-order-summary-totals-block\" class=\"wp-block-woocommerce-cart-order-summary-totals-block\">\n<div data-block-name=\"woocommerce\/cart-order-summary-subtotal-block\" class=\"wp-block-woocommerce-cart-order-summary-subtotal-block\"><\/div>\n<div data-block-name=\"woocommerce\/cart-order-summary-discount-block\" class=\"wp-block-woocommerce-cart-order-summary-discount-block\"><\/div>\n<div data-block-name=\"woocommerce\/cart-order-summary-fee-block\" class=\"wp-block-woocommerce-cart-order-summary-fee-block\"><\/div>\n<div data-block-name=\"woocommerce\/cart-order-summary-shipping-block\" class=\"wp-block-woocommerce-cart-order-summary-shipping-block\"><\/div>\n<div data-block-name=\"woocommerce\/cart-order-summary-taxes-block\" class=\"wp-block-woocommerce-cart-order-summary-taxes-block\"><\/div><\/div>\n<\/div>\n\n\n\n<div data-block-name=\"woocommerce\/cart-express-payment-block\" class=\"wp-block-woocommerce-cart-express-payment-block\"><\/div>\n\n\n\n<div data-block-name=\"woocommerce\/proceed-to-checkout-block\" class=\"wp-block-woocommerce-proceed-to-checkout-block\"><\/div>\n\n\n\n<div data-block-name=\"woocommerce\/cart-accepted-payment-methods-block\" class=\"wp-block-woocommerce-cart-accepted-payment-methods-block\"><\/div>\n<\/div>\n<\/div>\n\n\n\n<div data-block-name=\"woocommerce\/empty-cart-block\" class=\"wp-block-woocommerce-empty-cart-block\">\n<h2 class=\"wp-block-heading has-text-align-center\" style=\"text-transform:capitalize\">Your cart is currently empty!<\/h2>\n\n\n\n<div style=\"height:29px\" aria-hidden=\"true\" class=\"wp-block-spacer\"><\/div>\n\n\n\n<p class=\"has-text-align-center wgl-block-button wgl-circle has-medium-font-size\"><a class=\"wgl-button\" href=\"http:\/\/jankakiss.com\/shop\/\" data-type=\"page\" data-id=\"16\">(BROWSE STORE)<\/a><\/p>\n\n\n\n<div style=\"height:29px\" aria-hidden=\"true\" class=\"wp-block-spacer\"><\/div>\n\n\n\n<h4 class=\"wp-block-heading has-text-align-left\" style=\"text-transform:capitalize\">New in store<\/h4>\n\n\n\n<div style=\"height:29px\" aria-hidden=\"true\" class=\"wp-block-spacer\"><\/div>\n\n\n<div data-block-name=\"woocommerce\/product-new\" data-columns=\"4\" data-rows=\"1\" class=\"wc-block-grid wp-block-product-new wp-block-woocommerce-product-new wc-block-product-new has-4-columns\"><ul class=\"wc-block-grid__products\"><li class=\"wc-block-grid__product product-type-simple\">\r\n\t\t\t\t<div class=\"wgl-block-grid_product_inner_wrapper\">\r\n                    <a href=\"https:\/\/jankakiss.com\/en\/produkt\/couple-in-love-kopia\/\" class=\"wc-block-grid__product-link\">\r\n                        \r\n                        <div class=\"wc-block-grid__product-image\"><img fetchpriority=\"high\" decoding=\"async\" width=\"540\" height=\"540\" src=\"https:\/\/jankakiss.com\/wp-content\/uploads\/2025\/03\/Pohladnica-2-1000x1000-1-540x540.jpg\" class=\"attachment-woocommerce_thumbnail size-woocommerce_thumbnail\" alt=\"Ru\u010dne kreslen\u00e1 ilustr\u00e1cia p\u00e1ru. Poh\u013eadnica.\" srcset=\"https:\/\/jankakiss.com\/wp-content\/uploads\/2025\/03\/Pohladnica-2-1000x1000-1-540x540.jpg 540w, https:\/\/jankakiss.com\/wp-content\/uploads\/2025\/03\/Pohladnica-2-1000x1000-1-300x300.jpg 300w, https:\/\/jankakiss.com\/wp-content\/uploads\/2025\/03\/Pohladnica-2-1000x1000-1-150x150.jpg 150w, https:\/\/jankakiss.com\/wp-content\/uploads\/2025\/03\/Pohladnica-2-1000x1000-1-768x768.jpg 768w, https:\/\/jankakiss.com\/wp-content\/uploads\/2025\/03\/Pohladnica-2-1000x1000-1-240x240.jpg 240w, https:\/\/jankakiss.com\/wp-content\/uploads\/2025\/03\/Pohladnica-2-1000x1000-1.jpg 1000w\" sizes=\"(max-width: 540px) 100vw, 540px\" \/><\/div>\r\n                    <\/a>\r\n                    <div class=\"wgl-block-grid_product_content\">\r\n                        \r\n                        <div class=\"wc-block-grid__product-title\"><a href=\"https:\/\/jankakiss.com\/en\/produkt\/couple-in-love-kopia\/\" class=\"wc-block-grid__product-title_link\">Postcards &#8220;In Love&#8221;<\/a><\/div>\r\n                        <div class=\"wc-block-grid__product-price price\"><span class=\"woocommerce-Price-amount amount\"><span class=\"woocommerce-Price-currencySymbol\">&euro;<\/span>&nbsp;13,00<\/span><\/div>\r\n                        <div class=\"wgl_woo_button_wrapper\"><div class=\"wp-block-button wc-block-grid__product-add-to-cart\"><a href=\"\/en\/wp-json\/wp\/v2\/pages\/6366?add-to-cart=7849\" aria-label=\"Add to cart: &ldquo;Postcards &quot;In Love&quot;&rdquo;\" data-quantity=\"1\" data-product_id=\"7849\" data-product_sku=\"\" data-price=\"13\" rel=\"nofollow\" class=\"wp-block-button__link  add_to_cart_button ajax_add_to_cart\">Add to cart<\/a><\/div><\/div>\r\n                    <\/div>\r\n\t\t\t\t<\/div>\r\n\t\t\t<\/li><li class=\"wc-block-grid__product product-type-simple\">\r\n\t\t\t\t<div class=\"wgl-block-grid_product_inner_wrapper\">\r\n                    <a href=\"https:\/\/jankakiss.com\/en\/produkt\/the-cat-kopia-2\/\" class=\"wc-block-grid__product-link\">\r\n                        \r\n                        <div class=\"wc-block-grid__product-image\"><img decoding=\"async\" width=\"540\" height=\"540\" src=\"https:\/\/jankakiss.com\/wp-content\/uploads\/2025\/03\/Macka-2-1000x1000-1-540x540.jpg\" class=\"attachment-woocommerce_thumbnail size-woocommerce_thumbnail\" alt=\"Digital painting of a hungry cat.\" srcset=\"https:\/\/jankakiss.com\/wp-content\/uploads\/2025\/03\/Macka-2-1000x1000-1-540x540.jpg 540w, https:\/\/jankakiss.com\/wp-content\/uploads\/2025\/03\/Macka-2-1000x1000-1-300x300.jpg 300w, https:\/\/jankakiss.com\/wp-content\/uploads\/2025\/03\/Macka-2-1000x1000-1-150x150.jpg 150w, https:\/\/jankakiss.com\/wp-content\/uploads\/2025\/03\/Macka-2-1000x1000-1-768x768.jpg 768w, https:\/\/jankakiss.com\/wp-content\/uploads\/2025\/03\/Macka-2-1000x1000-1-240x240.jpg 240w, https:\/\/jankakiss.com\/wp-content\/uploads\/2025\/03\/Macka-2-1000x1000-1.jpg 1000w\" sizes=\"(max-width: 540px) 100vw, 540px\" \/><\/div>\r\n                    <\/a>\r\n                    <div class=\"wgl-block-grid_product_content\">\r\n                        \r\n                        <div class=\"wc-block-grid__product-title\"><a href=\"https:\/\/jankakiss.com\/en\/produkt\/the-cat-kopia-2\/\" class=\"wc-block-grid__product-title_link\">Very hungry cat<\/a><\/div>\r\n                        <div class=\"wc-block-grid__product-price price\"><span class=\"woocommerce-Price-amount amount\"><span class=\"woocommerce-Price-currencySymbol\">&euro;<\/span>&nbsp;20,00<\/span><\/div>\r\n                        <div class=\"wgl_woo_button_wrapper\"><div class=\"wp-block-button wc-block-grid__product-add-to-cart\"><a href=\"\/en\/wp-json\/wp\/v2\/pages\/6366?add-to-cart=7784\" aria-label=\"Add to cart: &ldquo;Very hungry cat&rdquo;\" data-quantity=\"1\" data-product_id=\"7784\" data-product_sku=\"\" data-price=\"20\" rel=\"nofollow\" class=\"wp-block-button__link  add_to_cart_button ajax_add_to_cart\">Add to cart<\/a><\/div><\/div>\r\n                    <\/div>\r\n\t\t\t\t<\/div>\r\n\t\t\t<\/li><li class=\"wc-block-grid__product product-type-simple\">\r\n\t\t\t\t<div class=\"wgl-block-grid_product_inner_wrapper\">\r\n                    <a href=\"https:\/\/jankakiss.com\/en\/produkt\/angel-of-the-heart-kopia\/\" class=\"wc-block-grid__product-link\">\r\n                        \r\n                        <div class=\"wc-block-grid__product-image\"><img decoding=\"async\" width=\"540\" height=\"540\" src=\"https:\/\/jankakiss.com\/wp-content\/uploads\/2025\/03\/Srdcova-vila-1-1280x1280-1-540x540.jpg\" class=\"attachment-woocommerce_thumbnail size-woocommerce_thumbnail\" alt=\"Fairy giving hearts, digital illustration.\" srcset=\"https:\/\/jankakiss.com\/wp-content\/uploads\/2025\/03\/Srdcova-vila-1-1280x1280-1-540x540.jpg 540w, https:\/\/jankakiss.com\/wp-content\/uploads\/2025\/03\/Srdcova-vila-1-1280x1280-1-300x300.jpg 300w, https:\/\/jankakiss.com\/wp-content\/uploads\/2025\/03\/Srdcova-vila-1-1280x1280-1-1024x1024.jpg 1024w, https:\/\/jankakiss.com\/wp-content\/uploads\/2025\/03\/Srdcova-vila-1-1280x1280-1-150x150.jpg 150w, https:\/\/jankakiss.com\/wp-content\/uploads\/2025\/03\/Srdcova-vila-1-1280x1280-1-768x768.jpg 768w, https:\/\/jankakiss.com\/wp-content\/uploads\/2025\/03\/Srdcova-vila-1-1280x1280-1-1080x1080.jpg 1080w, https:\/\/jankakiss.com\/wp-content\/uploads\/2025\/03\/Srdcova-vila-1-1280x1280-1-240x240.jpg 240w, https:\/\/jankakiss.com\/wp-content\/uploads\/2025\/03\/Srdcova-vila-1-1280x1280-1.jpg 1280w\" sizes=\"(max-width: 540px) 100vw, 540px\" \/><\/div>\r\n                    <\/a>\r\n                    <div class=\"wgl-block-grid_product_content\">\r\n                        \r\n                        <div class=\"wc-block-grid__product-title\"><a href=\"https:\/\/jankakiss.com\/en\/produkt\/angel-of-the-heart-kopia\/\" class=\"wc-block-grid__product-title_link\">Heart Fairy<\/a><\/div>\r\n                        <div class=\"wc-block-grid__product-price price\"><span class=\"woocommerce-Price-amount amount\"><span class=\"woocommerce-Price-currencySymbol\">&euro;<\/span>&nbsp;17,00<\/span><\/div>\r\n                        <div class=\"wgl_woo_button_wrapper\"><div class=\"wp-block-button wc-block-grid__product-add-to-cart\"><a href=\"\/en\/wp-json\/wp\/v2\/pages\/6366?add-to-cart=7713\" aria-label=\"Add to cart: &ldquo;Heart Fairy&rdquo;\" data-quantity=\"1\" data-product_id=\"7713\" data-product_sku=\"\" data-price=\"17\" rel=\"nofollow\" class=\"wp-block-button__link  add_to_cart_button ajax_add_to_cart\">Add to cart<\/a><\/div><\/div>\r\n                    <\/div>\r\n\t\t\t\t<\/div>\r\n\t\t\t<\/li><li class=\"wc-block-grid__product product-type-simple\">\r\n\t\t\t\t<div class=\"wgl-block-grid_product_inner_wrapper\">\r\n                    <a href=\"https:\/\/jankakiss.com\/en\/produkt\/the-cat-kopia\/\" class=\"wc-block-grid__product-link\">\r\n                        \r\n                        <div class=\"wc-block-grid__product-image\"><img loading=\"lazy\" decoding=\"async\" width=\"540\" height=\"540\" src=\"https:\/\/jankakiss.com\/wp-content\/uploads\/2025\/02\/Dialog-v-zahrade-2-1000x1000-1-540x540.jpg\" class=\"attachment-woocommerce_thumbnail size-woocommerce_thumbnail\" alt=\"Conversation in the garden, digital hand painting. Carrots and parsley. \" srcset=\"https:\/\/jankakiss.com\/wp-content\/uploads\/2025\/02\/Dialog-v-zahrade-2-1000x1000-1-540x540.jpg 540w, https:\/\/jankakiss.com\/wp-content\/uploads\/2025\/02\/Dialog-v-zahrade-2-1000x1000-1-300x300.jpg 300w, https:\/\/jankakiss.com\/wp-content\/uploads\/2025\/02\/Dialog-v-zahrade-2-1000x1000-1-150x150.jpg 150w, https:\/\/jankakiss.com\/wp-content\/uploads\/2025\/02\/Dialog-v-zahrade-2-1000x1000-1-768x768.jpg 768w, https:\/\/jankakiss.com\/wp-content\/uploads\/2025\/02\/Dialog-v-zahrade-2-1000x1000-1-240x240.jpg 240w, https:\/\/jankakiss.com\/wp-content\/uploads\/2025\/02\/Dialog-v-zahrade-2-1000x1000-1.jpg 1000w\" sizes=\"(max-width: 540px) 100vw, 540px\" \/><\/div>\r\n                    <\/a>\r\n                    <div class=\"wgl-block-grid_product_content\">\r\n                        \r\n                        <div class=\"wc-block-grid__product-title\"><a href=\"https:\/\/jankakiss.com\/en\/produkt\/the-cat-kopia\/\" class=\"wc-block-grid__product-title_link\">Conversation in the garden<\/a><\/div>\r\n                        <div class=\"wc-block-grid__product-price price\"><span class=\"woocommerce-Price-amount amount\"><span class=\"woocommerce-Price-currencySymbol\">&euro;<\/span>&nbsp;20,00<\/span><\/div>\r\n                        <div class=\"wgl_woo_button_wrapper\"><div class=\"wp-block-button wc-block-grid__product-add-to-cart\"><a href=\"\/en\/wp-json\/wp\/v2\/pages\/6366?add-to-cart=7707\" aria-label=\"Add to cart: &ldquo;Conversation in the garden&rdquo;\" data-quantity=\"1\" data-product_id=\"7707\" data-product_sku=\"\" data-price=\"20\" rel=\"nofollow\" class=\"wp-block-button__link  add_to_cart_button ajax_add_to_cart\">Add to cart<\/a><\/div><\/div>\r\n                    <\/div>\r\n\t\t\t\t<\/div>\r\n\t\t\t<\/li><\/ul><\/div><\/div>\n<\/div>\n","protected":false},"excerpt":{"rendered":"","protected":false},"author":1,"featured_media":0,"parent":0,"menu_order":0,"comment_status":"closed","ping_status":"closed","template":"","meta":{"footnotes":""},"class_list":["post-6366","page","type-page","status-publish","hentry"],"yoast_head":"<!-- This site is optimized with the Yoast SEO plugin v26.3 - https:\/\/yoast.com\/wordpress\/plugins\/seo\/ -->\n<title>Cart - Janka Kiss<\/title>\n<meta name=\"robots\" content=\"index, follow, max-snippet:-1, max-image-preview:large, max-video-preview:-1\" \/>\n<link rel=\"canonical\" href=\"https:\/\/jankakiss.com\/en\/cart\/\" \/>\n<meta property=\"og:locale\" content=\"en_US\" \/>\n<meta property=\"og:type\" content=\"article\" \/>\n<meta property=\"og:title\" content=\"Cart - Janka Kiss\" \/>\n<meta property=\"og:url\" content=\"https:\/\/jankakiss.com\/en\/cart\/\" \/>\n<meta property=\"og:site_name\" content=\"Janka Kiss\" \/>\n<meta property=\"article:modified_time\" content=\"2025-01-20T12:47:23+00:00\" \/>\n<meta name=\"twitter:card\" content=\"summary_large_image\" \/>\n<script type=\"application\/ld+json\" class=\"yoast-schema-graph\">{\"@context\":\"https:\/\/schema.org\",\"@graph\":[{\"@type\":\"WebPage\",\"@id\":\"https:\/\/jankakiss.com\/en\/cart\/\",\"url\":\"https:\/\/jankakiss.com\/en\/cart\/\",\"name\":\"Cart - Janka Kiss\",\"isPartOf\":{\"@id\":\"https:\/\/jankakiss.com\/en\/#website\"},\"datePublished\":\"2023-12-25T06:39:34+00:00\",\"dateModified\":\"2025-01-20T12:47:23+00:00\",\"breadcrumb\":{\"@id\":\"https:\/\/jankakiss.com\/en\/cart\/#breadcrumb\"},\"inLanguage\":\"en-US\",\"potentialAction\":[{\"@type\":\"ReadAction\",\"target\":[\"https:\/\/jankakiss.com\/en\/cart\/\"]}]},{\"@type\":\"BreadcrumbList\",\"@id\":\"https:\/\/jankakiss.com\/en\/cart\/#breadcrumb\",\"itemListElement\":[{\"@type\":\"ListItem\",\"position\":1,\"name\":\"Domov\",\"item\":\"https:\/\/jankakiss.com\/en\/\"},{\"@type\":\"ListItem\",\"position\":2,\"name\":\"Cart\"}]},{\"@type\":\"WebSite\",\"@id\":\"https:\/\/jankakiss.com\/en\/#website\",\"url\":\"https:\/\/jankakiss.com\/en\/\",\"name\":\"Janka Kiss\",\"description\":\"\",\"publisher\":{\"@id\":\"https:\/\/jankakiss.com\/en\/#\/schema\/person\/a377281a0642458e3f6771210f25f2ad\"},\"potentialAction\":[{\"@type\":\"SearchAction\",\"target\":{\"@type\":\"EntryPoint\",\"urlTemplate\":\"https:\/\/jankakiss.com\/en\/?s={search_term_string}\"},\"query-input\":{\"@type\":\"PropertyValueSpecification\",\"valueRequired\":true,\"valueName\":\"search_term_string\"}}],\"inLanguage\":\"en-US\"},{\"@type\":[\"Person\",\"Organization\"],\"@id\":\"https:\/\/jankakiss.com\/en\/#\/schema\/person\/a377281a0642458e3f6771210f25f2ad\",\"name\":\"Janka Kiss\",\"image\":{\"@type\":\"ImageObject\",\"inLanguage\":\"en-US\",\"@id\":\"https:\/\/jankakiss.com\/en\/#\/schema\/person\/image\/\",\"url\":\"https:\/\/secure.gravatar.com\/avatar\/27e99729e122b15363c5acb784f158fa3a312bc64285c8585bc7779c024eff7d?s=96&d=mm&r=g\",\"contentUrl\":\"https:\/\/secure.gravatar.com\/avatar\/27e99729e122b15363c5acb784f158fa3a312bc64285c8585bc7779c024eff7d?s=96&d=mm&r=g\",\"caption\":\"Janka Kiss\"},\"logo\":{\"@id\":\"https:\/\/jankakiss.com\/en\/#\/schema\/person\/image\/\"},\"sameAs\":[\"https:\/\/www.linkedin.com\/in\/janka-r-97861921\/\"]}]}<\/script>\n<!-- \/ Yoast SEO plugin. -->","yoast_head_json":{"title":"Cart - Janka Kiss","robots":{"index":"index","follow":"follow","max-snippet":"max-snippet:-1","max-image-preview":"max-image-preview:large","max-video-preview":"max-video-preview:-1"},"canonical":"https:\/\/jankakiss.com\/en\/cart\/","og_locale":"en_US","og_type":"article","og_title":"Cart - Janka Kiss","og_url":"https:\/\/jankakiss.com\/en\/cart\/","og_site_name":"Janka Kiss","article_modified_time":"2025-01-20T12:47:23+00:00","twitter_card":"summary_large_image","schema":{"@context":"https:\/\/schema.org","@graph":[{"@type":"WebPage","@id":"https:\/\/jankakiss.com\/en\/cart\/","url":"https:\/\/jankakiss.com\/en\/cart\/","name":"Cart - Janka Kiss","isPartOf":{"@id":"https:\/\/jankakiss.com\/en\/#website"},"datePublished":"2023-12-25T06:39:34+00:00","dateModified":"2025-01-20T12:47:23+00:00","breadcrumb":{"@id":"https:\/\/jankakiss.com\/en\/cart\/#breadcrumb"},"inLanguage":"en-US","potentialAction":[{"@type":"ReadAction","target":["https:\/\/jankakiss.com\/en\/cart\/"]}]},{"@type":"BreadcrumbList","@id":"https:\/\/jankakiss.com\/en\/cart\/#breadcrumb","itemListElement":[{"@type":"ListItem","position":1,"name":"Domov","item":"https:\/\/jankakiss.com\/en\/"},{"@type":"ListItem","position":2,"name":"Cart"}]},{"@type":"WebSite","@id":"https:\/\/jankakiss.com\/en\/#website","url":"https:\/\/jankakiss.com\/en\/","name":"Janka Kiss","description":"","publisher":{"@id":"https:\/\/jankakiss.com\/en\/#\/schema\/person\/a377281a0642458e3f6771210f25f2ad"},"potentialAction":[{"@type":"SearchAction","target":{"@type":"EntryPoint","urlTemplate":"https:\/\/jankakiss.com\/en\/?s={search_term_string}"},"query-input":{"@type":"PropertyValueSpecification","valueRequired":true,"valueName":"search_term_string"}}],"inLanguage":"en-US"},{"@type":["Person","Organization"],"@id":"https:\/\/jankakiss.com\/en\/#\/schema\/person\/a377281a0642458e3f6771210f25f2ad","name":"Janka Kiss","image":{"@type":"ImageObject","inLanguage":"en-US","@id":"https:\/\/jankakiss.com\/en\/#\/schema\/person\/image\/","url":"https:\/\/secure.gravatar.com\/avatar\/27e99729e122b15363c5acb784f158fa3a312bc64285c8585bc7779c024eff7d?s=96&d=mm&r=g","contentUrl":"https:\/\/secure.gravatar.com\/avatar\/27e99729e122b15363c5acb784f158fa3a312bc64285c8585bc7779c024eff7d?s=96&d=mm&r=g","caption":"Janka Kiss"},"logo":{"@id":"https:\/\/jankakiss.com\/en\/#\/schema\/person\/image\/"},"sameAs":["https:\/\/www.linkedin.com\/in\/janka-r-97861921\/"]}]}},"_links":{"self":[{"href":"https:\/\/jankakiss.com\/en\/wp-json\/wp\/v2\/pages\/6366","targetHints":{"allow":["GET"]}}],"collection":[{"href":"https:\/\/jankakiss.com\/en\/wp-json\/wp\/v2\/pages"}],"about":[{"href":"https:\/\/jankakiss.com\/en\/wp-json\/wp\/v2\/types\/page"}],"author":[{"embeddable":true,"href":"https:\/\/jankakiss.com\/en\/wp-json\/wp\/v2\/users\/1"}],"replies":[{"embeddable":true,"href":"https:\/\/jankakiss.com\/en\/wp-json\/wp\/v2\/comments?post=6366"}],"version-history":[{"count":2,"href":"https:\/\/jankakiss.com\/en\/wp-json\/wp\/v2\/pages\/6366\/revisions"}],"predecessor-version":[{"id":6372,"href":"https:\/\/jankakiss.com\/en\/wp-json\/wp\/v2\/pages\/6366\/revisions\/6372"}],"wp:attachment":[{"href":"https:\/\/jankakiss.com\/en\/wp-json\/wp\/v2\/media?parent=6366"}],"curies":[{"name":"wp","href":"https:\/\/api.w.org\/{rel}","templated":true}]}}