{"id":7534,"date":"2025-02-14T17:01:53","date_gmt":"2025-02-14T16:01:53","guid":{"rendered":"https:\/\/jankakiss.com\/?post_type=product&#038;p=7534"},"modified":"2025-02-18T19:43:58","modified_gmt":"2025-02-18T18:43:58","slug":"couple-in-love-limited-edition","status":"publish","type":"product","link":"https:\/\/jankakiss.com\/en\/produkt\/couple-in-love-limited-edition\/","title":{"rendered":"Couple in love"},"content":{"rendered":"<p data-start=\"0\" data-end=\"53\"><strong data-start=\"0\" data-end=\"51\">Handmade Original Illustration &#8220;Couple in Love&#8221;<\/strong><\/p>\n<p data-start=\"55\" data-end=\"445\">The <strong data-start=\"59\" data-end=\"79\">&#8220;Couple in Love&#8221;<\/strong> hand-drawn illustration is an original artwork depicting a loving couple in an intimate kiss. Each drawing is created spontaneously, without templates, reflecting pure imagination and emotions. I first sketch it with a pencil on paper and then refine and finalize it digitally on a computer. I also teach this stylized illustration technique in my online courses.<\/p>\n<p data-start=\"447\" data-end=\"733\">Every printed illustration comes from a <strong data-start=\"487\" data-end=\"506\">limited edition<\/strong> and carries a mark of authenticity \u2013 an embossed stamp <strong data-start=\"562\" data-end=\"608\">&#8220;Original Artwork Design Janka R\u00f6ssl-Kiss&#8221;<\/strong>, a unique numbering, and my signature.<\/p>\n<p data-start=\"447\" data-end=\"733\">Selected illustrations are also available in <strong data-start=\"693\" data-end=\"717\">digital format (PDF)<\/strong> for printing.<\/p>\n<ul>\n<li data-start=\"0\" data-end=\"134\"><strong>Dimensions:<\/strong> 21 cm x 21 cm (A4 &#8211; width x height)<\/li>\n<li data-start=\"0\" data-end=\"134\"><strong>Material:<\/strong> White chalk-coated cardboard, 300g<\/li>\n<li data-start=\"0\" data-end=\"134\"><strong>Frame\/Matting:<\/strong> Without frame or matting<\/li>\n<\/ul>\n<p data-start=\"837\" data-end=\"955\"><em data-start=\"837\" data-end=\"953\"><strong>*Would you like a different print size?<\/strong> Feel free to contact me, and I\u2019ll be happy to create a custom size for you.<\/em><\/p>\n<h3 data-start=\"957\" data-end=\"984\"><\/h3>\n","protected":false},"excerpt":{"rendered":"<p>Handmade Original Digital Illustration<br \/>\nThe drawing is marked with the embossed stamp <strong>&#8220;Original Artwork Design Janka R\u00f6ssl-Kiss&#8221;<\/strong>. Artist-signed.<\/p>\n<ul>\n<li data-start=\"0\" data-end=\"134\"><strong>Dimensions:<\/strong> 21 cm x 21 cm (A4 &#8211; width x height)<\/li>\n<li data-start=\"0\" data-end=\"134\"><strong>Material:<\/strong> White chalk-coated cardboard, 300g<\/li>\n<li data-start=\"0\" data-end=\"134\"><strong>Frame\/Matting:<\/strong> Without frame or matting<\/li>\n<\/ul>\n<p data-start=\"136\" data-end=\"251\" data-is-last-node=\"\"><strong>* Interested in a different print size?<\/strong> Feel free to contact me, and I\u2019ll be happy to prepare a custom size for you.<\/p>\n","protected":false},"featured_media":7596,"comment_status":"closed","ping_status":"closed","template":"","meta":[],"product_brand":[],"product_cat":[88,106],"product_tag":[],"class_list":{"0":"post-7534","1":"product","2":"type-product","3":"status-publish","4":"has-post-thumbnail","6":"product_cat-illustrations-and-drawings","7":"product_cat-limited-editions","9":"first","10":"instock","11":"shipping-taxable","12":"purchasable","13":"product-type-simple"},"yoast_head":"<!-- This site is optimized with the Yoast SEO plugin v26.3 - https:\/\/yoast.com\/wordpress\/plugins\/seo\/ -->\n<title>Couple in love - Janka Kiss<\/title>\n<meta name=\"description\" content=\"Welcome to my shop with illustrations, drawings and art graphics. I offer art illustrations, drawings and custom design for your business, products.\" \/>\n<meta name=\"robots\" content=\"index, follow, max-snippet:-1, max-image-preview:large, max-video-preview:-1\" \/>\n<link rel=\"canonical\" href=\"https:\/\/jankakiss.com\/en\/produkt\/couple-in-love-limited-edition\/\" \/>\n<meta property=\"og:locale\" content=\"en_US\" \/>\n<meta property=\"og:type\" content=\"article\" \/>\n<meta property=\"og:title\" content=\"Couple in love - Janka Kiss\" \/>\n<meta property=\"og:description\" content=\"Welcome to my shop with illustrations, drawings and art graphics. I offer art illustrations, drawings and custom design for your business, products.\" \/>\n<meta property=\"og:url\" content=\"https:\/\/jankakiss.com\/en\/produkt\/couple-in-love-limited-edition\/\" \/>\n<meta property=\"og:site_name\" content=\"Janka Kiss\" \/>\n<meta property=\"article:modified_time\" content=\"2025-02-18T18:43:58+00:00\" \/>\n<meta property=\"og:image\" content=\"https:\/\/jankakiss.com\/wp-content\/uploads\/2025\/02\/Par-v-laske-limited-edition-1000x1000-3.jpg\" \/>\n\t<meta property=\"og:image:width\" content=\"1000\" \/>\n\t<meta property=\"og:image:height\" content=\"1000\" \/>\n\t<meta property=\"og:image:type\" content=\"image\/jpeg\" \/>\n<meta name=\"twitter:card\" content=\"summary_large_image\" \/>\n<meta name=\"twitter:label1\" content=\"Est. reading time\" \/>\n\t<meta name=\"twitter:data1\" content=\"2 minutes\" \/>\n<script type=\"application\/ld+json\" class=\"yoast-schema-graph\">{\"@context\":\"https:\/\/schema.org\",\"@graph\":[{\"@type\":\"WebPage\",\"@id\":\"https:\/\/jankakiss.com\/en\/produkt\/couple-in-love-limited-edition\/\",\"url\":\"https:\/\/jankakiss.com\/en\/produkt\/couple-in-love-limited-edition\/\",\"name\":\"Couple in love - Janka Kiss\",\"isPartOf\":{\"@id\":\"https:\/\/jankakiss.com\/en\/#website\"},\"primaryImageOfPage\":{\"@id\":\"https:\/\/jankakiss.com\/en\/produkt\/couple-in-love-limited-edition\/#primaryimage\"},\"image\":{\"@id\":\"https:\/\/jankakiss.com\/en\/produkt\/couple-in-love-limited-edition\/#primaryimage\"},\"thumbnailUrl\":\"https:\/\/jankakiss.com\/wp-content\/uploads\/2025\/02\/Par-v-laske-limited-edition-1000x1000-3.jpg\",\"datePublished\":\"2025-02-14T16:01:53+00:00\",\"dateModified\":\"2025-02-18T18:43:58+00:00\",\"description\":\"Welcome to my shop with illustrations, drawings and art graphics. I offer art illustrations, drawings and custom design for your business, products.\",\"breadcrumb\":{\"@id\":\"https:\/\/jankakiss.com\/en\/produkt\/couple-in-love-limited-edition\/#breadcrumb\"},\"inLanguage\":\"en-US\",\"potentialAction\":[{\"@type\":\"ReadAction\",\"target\":[\"https:\/\/jankakiss.com\/en\/produkt\/couple-in-love-limited-edition\/\"]}]},{\"@type\":\"ImageObject\",\"inLanguage\":\"en-US\",\"@id\":\"https:\/\/jankakiss.com\/en\/produkt\/couple-in-love-limited-edition\/#primaryimage\",\"url\":\"https:\/\/jankakiss.com\/wp-content\/uploads\/2025\/02\/Par-v-laske-limited-edition-1000x1000-3.jpg\",\"contentUrl\":\"https:\/\/jankakiss.com\/wp-content\/uploads\/2025\/02\/Par-v-laske-limited-edition-1000x1000-3.jpg\",\"width\":1000,\"height\":1000,\"caption\":\"P\u00e1r v l\u00e1ske, vektorov\u00e1 ilustr\u00e1cia. Mu\u017e sa \u017eena v objat\u00ed, bozk.\"},{\"@type\":\"BreadcrumbList\",\"@id\":\"https:\/\/jankakiss.com\/en\/produkt\/couple-in-love-limited-edition\/#breadcrumb\",\"itemListElement\":[{\"@type\":\"ListItem\",\"position\":1,\"name\":\"Domov\",\"item\":\"https:\/\/jankakiss.com\/en\/\"},{\"@type\":\"ListItem\",\"position\":2,\"name\":\"Shop\",\"item\":\"https:\/\/jankakiss.com\/en\/shop\/\"},{\"@type\":\"ListItem\",\"position\":3,\"name\":\"Couple in love\"}]},{\"@type\":\"WebSite\",\"@id\":\"https:\/\/jankakiss.com\/en\/#website\",\"url\":\"https:\/\/jankakiss.com\/en\/\",\"name\":\"Janka Kiss\",\"description\":\"\",\"publisher\":{\"@id\":\"https:\/\/jankakiss.com\/en\/#\/schema\/person\/a377281a0642458e3f6771210f25f2ad\"},\"potentialAction\":[{\"@type\":\"SearchAction\",\"target\":{\"@type\":\"EntryPoint\",\"urlTemplate\":\"https:\/\/jankakiss.com\/en\/?s={search_term_string}\"},\"query-input\":{\"@type\":\"PropertyValueSpecification\",\"valueRequired\":true,\"valueName\":\"search_term_string\"}}],\"inLanguage\":\"en-US\"},{\"@type\":[\"Person\",\"Organization\"],\"@id\":\"https:\/\/jankakiss.com\/en\/#\/schema\/person\/a377281a0642458e3f6771210f25f2ad\",\"name\":\"Janka Kiss\",\"image\":{\"@type\":\"ImageObject\",\"inLanguage\":\"en-US\",\"@id\":\"https:\/\/jankakiss.com\/en\/#\/schema\/person\/image\/\",\"url\":\"https:\/\/secure.gravatar.com\/avatar\/27e99729e122b15363c5acb784f158fa3a312bc64285c8585bc7779c024eff7d?s=96&d=mm&r=g\",\"contentUrl\":\"https:\/\/secure.gravatar.com\/avatar\/27e99729e122b15363c5acb784f158fa3a312bc64285c8585bc7779c024eff7d?s=96&d=mm&r=g\",\"caption\":\"Janka Kiss\"},\"logo\":{\"@id\":\"https:\/\/jankakiss.com\/en\/#\/schema\/person\/image\/\"},\"sameAs\":[\"https:\/\/www.linkedin.com\/in\/janka-r-97861921\/\"]}]}<\/script>\n<!-- \/ Yoast SEO plugin. -->","yoast_head_json":{"title":"Couple in love - Janka Kiss","description":"Welcome to my shop with illustrations, drawings and art graphics. I offer art illustrations, drawings and custom design for your business, products.","robots":{"index":"index","follow":"follow","max-snippet":"max-snippet:-1","max-image-preview":"max-image-preview:large","max-video-preview":"max-video-preview:-1"},"canonical":"https:\/\/jankakiss.com\/en\/produkt\/couple-in-love-limited-edition\/","og_locale":"en_US","og_type":"article","og_title":"Couple in love - Janka Kiss","og_description":"Welcome to my shop with illustrations, drawings and art graphics. I offer art illustrations, drawings and custom design for your business, products.","og_url":"https:\/\/jankakiss.com\/en\/produkt\/couple-in-love-limited-edition\/","og_site_name":"Janka Kiss","article_modified_time":"2025-02-18T18:43:58+00:00","og_image":[{"width":1000,"height":1000,"url":"https:\/\/jankakiss.com\/wp-content\/uploads\/2025\/02\/Par-v-laske-limited-edition-1000x1000-3.jpg","type":"image\/jpeg"}],"twitter_card":"summary_large_image","twitter_misc":{"Est. reading time":"2 minutes"},"schema":{"@context":"https:\/\/schema.org","@graph":[{"@type":"WebPage","@id":"https:\/\/jankakiss.com\/en\/produkt\/couple-in-love-limited-edition\/","url":"https:\/\/jankakiss.com\/en\/produkt\/couple-in-love-limited-edition\/","name":"Couple in love - Janka Kiss","isPartOf":{"@id":"https:\/\/jankakiss.com\/en\/#website"},"primaryImageOfPage":{"@id":"https:\/\/jankakiss.com\/en\/produkt\/couple-in-love-limited-edition\/#primaryimage"},"image":{"@id":"https:\/\/jankakiss.com\/en\/produkt\/couple-in-love-limited-edition\/#primaryimage"},"thumbnailUrl":"https:\/\/jankakiss.com\/wp-content\/uploads\/2025\/02\/Par-v-laske-limited-edition-1000x1000-3.jpg","datePublished":"2025-02-14T16:01:53+00:00","dateModified":"2025-02-18T18:43:58+00:00","description":"Welcome to my shop with illustrations, drawings and art graphics. I offer art illustrations, drawings and custom design for your business, products.","breadcrumb":{"@id":"https:\/\/jankakiss.com\/en\/produkt\/couple-in-love-limited-edition\/#breadcrumb"},"inLanguage":"en-US","potentialAction":[{"@type":"ReadAction","target":["https:\/\/jankakiss.com\/en\/produkt\/couple-in-love-limited-edition\/"]}]},{"@type":"ImageObject","inLanguage":"en-US","@id":"https:\/\/jankakiss.com\/en\/produkt\/couple-in-love-limited-edition\/#primaryimage","url":"https:\/\/jankakiss.com\/wp-content\/uploads\/2025\/02\/Par-v-laske-limited-edition-1000x1000-3.jpg","contentUrl":"https:\/\/jankakiss.com\/wp-content\/uploads\/2025\/02\/Par-v-laske-limited-edition-1000x1000-3.jpg","width":1000,"height":1000,"caption":"P\u00e1r v l\u00e1ske, vektorov\u00e1 ilustr\u00e1cia. Mu\u017e sa \u017eena v objat\u00ed, bozk."},{"@type":"BreadcrumbList","@id":"https:\/\/jankakiss.com\/en\/produkt\/couple-in-love-limited-edition\/#breadcrumb","itemListElement":[{"@type":"ListItem","position":1,"name":"Domov","item":"https:\/\/jankakiss.com\/en\/"},{"@type":"ListItem","position":2,"name":"Shop","item":"https:\/\/jankakiss.com\/en\/shop\/"},{"@type":"ListItem","position":3,"name":"Couple in love"}]},{"@type":"WebSite","@id":"https:\/\/jankakiss.com\/en\/#website","url":"https:\/\/jankakiss.com\/en\/","name":"Janka Kiss","description":"","publisher":{"@id":"https:\/\/jankakiss.com\/en\/#\/schema\/person\/a377281a0642458e3f6771210f25f2ad"},"potentialAction":[{"@type":"SearchAction","target":{"@type":"EntryPoint","urlTemplate":"https:\/\/jankakiss.com\/en\/?s={search_term_string}"},"query-input":{"@type":"PropertyValueSpecification","valueRequired":true,"valueName":"search_term_string"}}],"inLanguage":"en-US"},{"@type":["Person","Organization"],"@id":"https:\/\/jankakiss.com\/en\/#\/schema\/person\/a377281a0642458e3f6771210f25f2ad","name":"Janka Kiss","image":{"@type":"ImageObject","inLanguage":"en-US","@id":"https:\/\/jankakiss.com\/en\/#\/schema\/person\/image\/","url":"https:\/\/secure.gravatar.com\/avatar\/27e99729e122b15363c5acb784f158fa3a312bc64285c8585bc7779c024eff7d?s=96&d=mm&r=g","contentUrl":"https:\/\/secure.gravatar.com\/avatar\/27e99729e122b15363c5acb784f158fa3a312bc64285c8585bc7779c024eff7d?s=96&d=mm&r=g","caption":"Janka Kiss"},"logo":{"@id":"https:\/\/jankakiss.com\/en\/#\/schema\/person\/image\/"},"sameAs":["https:\/\/www.linkedin.com\/in\/janka-r-97861921\/"]}]}},"_links":{"self":[{"href":"https:\/\/jankakiss.com\/en\/wp-json\/wp\/v2\/product\/7534","targetHints":{"allow":["GET"]}}],"collection":[{"href":"https:\/\/jankakiss.com\/en\/wp-json\/wp\/v2\/product"}],"about":[{"href":"https:\/\/jankakiss.com\/en\/wp-json\/wp\/v2\/types\/product"}],"replies":[{"embeddable":true,"href":"https:\/\/jankakiss.com\/en\/wp-json\/wp\/v2\/comments?post=7534"}],"wp:featuredmedia":[{"embeddable":true,"href":"https:\/\/jankakiss.com\/en\/wp-json\/wp\/v2\/media\/7596"}],"wp:attachment":[{"href":"https:\/\/jankakiss.com\/en\/wp-json\/wp\/v2\/media?parent=7534"}],"wp:term":[{"taxonomy":"product_brand","embeddable":true,"href":"https:\/\/jankakiss.com\/en\/wp-json\/wp\/v2\/product_brand?post=7534"},{"taxonomy":"product_cat","embeddable":true,"href":"https:\/\/jankakiss.com\/en\/wp-json\/wp\/v2\/product_cat?post=7534"},{"taxonomy":"product_tag","embeddable":true,"href":"https:\/\/jankakiss.com\/en\/wp-json\/wp\/v2\/product_tag?post=7534"}],"curies":[{"name":"wp","href":"https:\/\/api.w.org\/{rel}","templated":true}]}}