{"id":7849,"date":"2025-03-11T13:20:57","date_gmt":"2025-03-11T12:20:57","guid":{"rendered":"https:\/\/jankakiss.com\/?post_type=product&#038;p=7849"},"modified":"2025-03-11T13:40:15","modified_gmt":"2025-03-11T12:40:15","slug":"couple-in-love-kopia","status":"publish","type":"product","link":"https:\/\/jankakiss.com\/en\/produkt\/couple-in-love-kopia\/","title":{"rendered":"Postcards &#8220;In Love&#8221;"},"content":{"rendered":"<p data-start=\"0\" data-end=\"465\"><strong data-start=\"0\" data-end=\"23\">Postcards &#8220;In Love&#8221;<\/strong><br data-start=\"23\" data-end=\"26\" \/>Handmade original illustration, a series of postcards. These postcards depict a loving couple in an intimate connection through a kiss and an embrace, perfect for your significant other\u2014just because, for a special occasion, or for Valentine\u2019s Day. Each drawing is created spontaneously, without templates, reflecting imagination and emotions. I first sketch it with a pencil on paper, then digitally refine and finalize it on a computer.<\/p>\n<ul>\n<li data-start=\"467\" data-end=\"602\"><strong data-start=\"467\" data-end=\"476\">Size:<\/strong> 148 mm x 105 mm (A6 \u2013 height x width)<\/li>\n<li data-start=\"467\" data-end=\"602\"><strong data-start=\"517\" data-end=\"530\" data-is-only-node=\"\">Material:<\/strong> 365 g postcard paper<\/li>\n<li data-start=\"467\" data-end=\"602\"><strong data-start=\"554\" data-end=\"600\">Set of 3 postcards <\/strong>(envelope not included)<\/li>\n<\/ul>\n<p data-start=\"604\" data-end=\"890\" data-is-last-node=\"\" data-is-only-node=\"\"><strong data-start=\"604\" data-end=\"625\">Color Disclaimer:<\/strong><br data-start=\"625\" data-end=\"628\" \/>The colors you see on the screen may slightly differ from those on the printed product. This is a common occurrence due to the difference between screen light and printed colors. These variations are not grounds for a complaint. Thank you for your understanding.<\/p>\n","protected":false},"excerpt":{"rendered":"<p data-start=\"0\" data-end=\"275\">Handmade original illustration, a series of postcards. These postcards depict a loving couple in an intimate connection through a kiss and an embrace, perfect for your significant other\u2014just because, for a special occasion, or for Valentine\u2019s Day.<\/p>\n<ul>\n<li data-start=\"277\" data-end=\"410\"><strong data-start=\"277\" data-end=\"286\">Size:<\/strong> 148 mm x 105 mm (A6 \u2013 height x width)<\/li>\n<li data-start=\"277\" data-end=\"410\"><strong data-start=\"327\" data-end=\"340\">Material:<\/strong> 365 g postcard paper<\/li>\n<li data-start=\"277\" data-end=\"410\"><strong data-start=\"364\" data-end=\"410\" data-is-last-node=\"\">Set of 3 postcards <\/strong>(envelope not included)<\/li>\n<\/ul>\n","protected":false},"featured_media":7853,"comment_status":"closed","ping_status":"closed","template":"","meta":[],"product_brand":[],"product_cat":[88,106],"product_tag":[],"class_list":{"0":"post-7849","1":"product","2":"type-product","3":"status-publish","4":"has-post-thumbnail","6":"product_cat-illustrations-and-drawings","7":"product_cat-limited-editions","9":"first","10":"instock","11":"shipping-taxable","12":"purchasable","13":"product-type-simple"},"yoast_head":"<!-- This site is optimized with the Yoast SEO plugin v26.3 - https:\/\/yoast.com\/wordpress\/plugins\/seo\/ -->\n<title>Postcards &quot;In Love&quot; - Janka Kiss<\/title>\n<meta name=\"description\" content=\"Welcome to my shop with illustrations, drawings and art graphics. I offer art illustrations, drawings and custom design for your business, products.\" \/>\n<meta name=\"robots\" content=\"index, follow, max-snippet:-1, max-image-preview:large, max-video-preview:-1\" \/>\n<link rel=\"canonical\" href=\"https:\/\/jankakiss.com\/en\/produkt\/couple-in-love-kopia\/\" \/>\n<meta property=\"og:locale\" content=\"en_US\" \/>\n<meta property=\"og:type\" content=\"article\" \/>\n<meta property=\"og:title\" content=\"Postcards &quot;In Love&quot; - Janka Kiss\" \/>\n<meta property=\"og:description\" content=\"Welcome to my shop with illustrations, drawings and art graphics. I offer art illustrations, drawings and custom design for your business, products.\" \/>\n<meta property=\"og:url\" content=\"https:\/\/jankakiss.com\/en\/produkt\/couple-in-love-kopia\/\" \/>\n<meta property=\"og:site_name\" content=\"Janka Kiss\" \/>\n<meta property=\"article:modified_time\" content=\"2025-03-11T12:40:15+00:00\" \/>\n<meta property=\"og:image\" content=\"https:\/\/jankakiss.com\/wp-content\/uploads\/2025\/03\/Pohladnica-2-1000x1000-1.jpg\" \/>\n\t<meta property=\"og:image:width\" content=\"1000\" \/>\n\t<meta property=\"og:image:height\" content=\"1000\" \/>\n\t<meta property=\"og:image:type\" content=\"image\/jpeg\" \/>\n<meta name=\"twitter:card\" content=\"summary_large_image\" \/>\n<meta name=\"twitter:label1\" content=\"Est. reading time\" \/>\n\t<meta name=\"twitter:data1\" content=\"1 minute\" \/>\n<script type=\"application\/ld+json\" class=\"yoast-schema-graph\">{\"@context\":\"https:\/\/schema.org\",\"@graph\":[{\"@type\":\"WebPage\",\"@id\":\"https:\/\/jankakiss.com\/en\/produkt\/couple-in-love-kopia\/\",\"url\":\"https:\/\/jankakiss.com\/en\/produkt\/couple-in-love-kopia\/\",\"name\":\"Postcards \\\"In Love\\\" - Janka Kiss\",\"isPartOf\":{\"@id\":\"https:\/\/jankakiss.com\/en\/#website\"},\"primaryImageOfPage\":{\"@id\":\"https:\/\/jankakiss.com\/en\/produkt\/couple-in-love-kopia\/#primaryimage\"},\"image\":{\"@id\":\"https:\/\/jankakiss.com\/en\/produkt\/couple-in-love-kopia\/#primaryimage\"},\"thumbnailUrl\":\"https:\/\/jankakiss.com\/wp-content\/uploads\/2025\/03\/Pohladnica-2-1000x1000-1.jpg\",\"datePublished\":\"2025-03-11T12:20:57+00:00\",\"dateModified\":\"2025-03-11T12:40:15+00:00\",\"description\":\"Welcome to my shop with illustrations, drawings and art graphics. I offer art illustrations, drawings and custom design for your business, products.\",\"breadcrumb\":{\"@id\":\"https:\/\/jankakiss.com\/en\/produkt\/couple-in-love-kopia\/#breadcrumb\"},\"inLanguage\":\"en-US\",\"potentialAction\":[{\"@type\":\"ReadAction\",\"target\":[\"https:\/\/jankakiss.com\/en\/produkt\/couple-in-love-kopia\/\"]}]},{\"@type\":\"ImageObject\",\"inLanguage\":\"en-US\",\"@id\":\"https:\/\/jankakiss.com\/en\/produkt\/couple-in-love-kopia\/#primaryimage\",\"url\":\"https:\/\/jankakiss.com\/wp-content\/uploads\/2025\/03\/Pohladnica-2-1000x1000-1.jpg\",\"contentUrl\":\"https:\/\/jankakiss.com\/wp-content\/uploads\/2025\/03\/Pohladnica-2-1000x1000-1.jpg\",\"width\":1000,\"height\":1000,\"caption\":\"Ru\u010dne kreslen\u00e1 ilustr\u00e1cia p\u00e1ru. Poh\u013eadnica.\"},{\"@type\":\"BreadcrumbList\",\"@id\":\"https:\/\/jankakiss.com\/en\/produkt\/couple-in-love-kopia\/#breadcrumb\",\"itemListElement\":[{\"@type\":\"ListItem\",\"position\":1,\"name\":\"Domov\",\"item\":\"https:\/\/jankakiss.com\/en\/\"},{\"@type\":\"ListItem\",\"position\":2,\"name\":\"Shop\",\"item\":\"https:\/\/jankakiss.com\/en\/shop\/\"},{\"@type\":\"ListItem\",\"position\":3,\"name\":\"Postcards &#8220;In Love&#8221;\"}]},{\"@type\":\"WebSite\",\"@id\":\"https:\/\/jankakiss.com\/en\/#website\",\"url\":\"https:\/\/jankakiss.com\/en\/\",\"name\":\"Janka Kiss\",\"description\":\"\",\"publisher\":{\"@id\":\"https:\/\/jankakiss.com\/en\/#\/schema\/person\/a377281a0642458e3f6771210f25f2ad\"},\"potentialAction\":[{\"@type\":\"SearchAction\",\"target\":{\"@type\":\"EntryPoint\",\"urlTemplate\":\"https:\/\/jankakiss.com\/en\/?s={search_term_string}\"},\"query-input\":{\"@type\":\"PropertyValueSpecification\",\"valueRequired\":true,\"valueName\":\"search_term_string\"}}],\"inLanguage\":\"en-US\"},{\"@type\":[\"Person\",\"Organization\"],\"@id\":\"https:\/\/jankakiss.com\/en\/#\/schema\/person\/a377281a0642458e3f6771210f25f2ad\",\"name\":\"Janka Kiss\",\"image\":{\"@type\":\"ImageObject\",\"inLanguage\":\"en-US\",\"@id\":\"https:\/\/jankakiss.com\/en\/#\/schema\/person\/image\/\",\"url\":\"https:\/\/secure.gravatar.com\/avatar\/27e99729e122b15363c5acb784f158fa3a312bc64285c8585bc7779c024eff7d?s=96&d=mm&r=g\",\"contentUrl\":\"https:\/\/secure.gravatar.com\/avatar\/27e99729e122b15363c5acb784f158fa3a312bc64285c8585bc7779c024eff7d?s=96&d=mm&r=g\",\"caption\":\"Janka Kiss\"},\"logo\":{\"@id\":\"https:\/\/jankakiss.com\/en\/#\/schema\/person\/image\/\"},\"sameAs\":[\"https:\/\/www.linkedin.com\/in\/janka-r-97861921\/\"]}]}<\/script>\n<!-- \/ Yoast SEO plugin. -->","yoast_head_json":{"title":"Postcards \"In Love\" - Janka Kiss","description":"Welcome to my shop with illustrations, drawings and art graphics. I offer art illustrations, drawings and custom design for your business, products.","robots":{"index":"index","follow":"follow","max-snippet":"max-snippet:-1","max-image-preview":"max-image-preview:large","max-video-preview":"max-video-preview:-1"},"canonical":"https:\/\/jankakiss.com\/en\/produkt\/couple-in-love-kopia\/","og_locale":"en_US","og_type":"article","og_title":"Postcards \"In Love\" - Janka Kiss","og_description":"Welcome to my shop with illustrations, drawings and art graphics. I offer art illustrations, drawings and custom design for your business, products.","og_url":"https:\/\/jankakiss.com\/en\/produkt\/couple-in-love-kopia\/","og_site_name":"Janka Kiss","article_modified_time":"2025-03-11T12:40:15+00:00","og_image":[{"width":1000,"height":1000,"url":"https:\/\/jankakiss.com\/wp-content\/uploads\/2025\/03\/Pohladnica-2-1000x1000-1.jpg","type":"image\/jpeg"}],"twitter_card":"summary_large_image","twitter_misc":{"Est. reading time":"1 minute"},"schema":{"@context":"https:\/\/schema.org","@graph":[{"@type":"WebPage","@id":"https:\/\/jankakiss.com\/en\/produkt\/couple-in-love-kopia\/","url":"https:\/\/jankakiss.com\/en\/produkt\/couple-in-love-kopia\/","name":"Postcards \"In Love\" - Janka Kiss","isPartOf":{"@id":"https:\/\/jankakiss.com\/en\/#website"},"primaryImageOfPage":{"@id":"https:\/\/jankakiss.com\/en\/produkt\/couple-in-love-kopia\/#primaryimage"},"image":{"@id":"https:\/\/jankakiss.com\/en\/produkt\/couple-in-love-kopia\/#primaryimage"},"thumbnailUrl":"https:\/\/jankakiss.com\/wp-content\/uploads\/2025\/03\/Pohladnica-2-1000x1000-1.jpg","datePublished":"2025-03-11T12:20:57+00:00","dateModified":"2025-03-11T12:40:15+00:00","description":"Welcome to my shop with illustrations, drawings and art graphics. I offer art illustrations, drawings and custom design for your business, products.","breadcrumb":{"@id":"https:\/\/jankakiss.com\/en\/produkt\/couple-in-love-kopia\/#breadcrumb"},"inLanguage":"en-US","potentialAction":[{"@type":"ReadAction","target":["https:\/\/jankakiss.com\/en\/produkt\/couple-in-love-kopia\/"]}]},{"@type":"ImageObject","inLanguage":"en-US","@id":"https:\/\/jankakiss.com\/en\/produkt\/couple-in-love-kopia\/#primaryimage","url":"https:\/\/jankakiss.com\/wp-content\/uploads\/2025\/03\/Pohladnica-2-1000x1000-1.jpg","contentUrl":"https:\/\/jankakiss.com\/wp-content\/uploads\/2025\/03\/Pohladnica-2-1000x1000-1.jpg","width":1000,"height":1000,"caption":"Ru\u010dne kreslen\u00e1 ilustr\u00e1cia p\u00e1ru. Poh\u013eadnica."},{"@type":"BreadcrumbList","@id":"https:\/\/jankakiss.com\/en\/produkt\/couple-in-love-kopia\/#breadcrumb","itemListElement":[{"@type":"ListItem","position":1,"name":"Domov","item":"https:\/\/jankakiss.com\/en\/"},{"@type":"ListItem","position":2,"name":"Shop","item":"https:\/\/jankakiss.com\/en\/shop\/"},{"@type":"ListItem","position":3,"name":"Postcards &#8220;In Love&#8221;"}]},{"@type":"WebSite","@id":"https:\/\/jankakiss.com\/en\/#website","url":"https:\/\/jankakiss.com\/en\/","name":"Janka Kiss","description":"","publisher":{"@id":"https:\/\/jankakiss.com\/en\/#\/schema\/person\/a377281a0642458e3f6771210f25f2ad"},"potentialAction":[{"@type":"SearchAction","target":{"@type":"EntryPoint","urlTemplate":"https:\/\/jankakiss.com\/en\/?s={search_term_string}"},"query-input":{"@type":"PropertyValueSpecification","valueRequired":true,"valueName":"search_term_string"}}],"inLanguage":"en-US"},{"@type":["Person","Organization"],"@id":"https:\/\/jankakiss.com\/en\/#\/schema\/person\/a377281a0642458e3f6771210f25f2ad","name":"Janka Kiss","image":{"@type":"ImageObject","inLanguage":"en-US","@id":"https:\/\/jankakiss.com\/en\/#\/schema\/person\/image\/","url":"https:\/\/secure.gravatar.com\/avatar\/27e99729e122b15363c5acb784f158fa3a312bc64285c8585bc7779c024eff7d?s=96&d=mm&r=g","contentUrl":"https:\/\/secure.gravatar.com\/avatar\/27e99729e122b15363c5acb784f158fa3a312bc64285c8585bc7779c024eff7d?s=96&d=mm&r=g","caption":"Janka Kiss"},"logo":{"@id":"https:\/\/jankakiss.com\/en\/#\/schema\/person\/image\/"},"sameAs":["https:\/\/www.linkedin.com\/in\/janka-r-97861921\/"]}]}},"_links":{"self":[{"href":"https:\/\/jankakiss.com\/en\/wp-json\/wp\/v2\/product\/7849","targetHints":{"allow":["GET"]}}],"collection":[{"href":"https:\/\/jankakiss.com\/en\/wp-json\/wp\/v2\/product"}],"about":[{"href":"https:\/\/jankakiss.com\/en\/wp-json\/wp\/v2\/types\/product"}],"replies":[{"embeddable":true,"href":"https:\/\/jankakiss.com\/en\/wp-json\/wp\/v2\/comments?post=7849"}],"wp:featuredmedia":[{"embeddable":true,"href":"https:\/\/jankakiss.com\/en\/wp-json\/wp\/v2\/media\/7853"}],"wp:attachment":[{"href":"https:\/\/jankakiss.com\/en\/wp-json\/wp\/v2\/media?parent=7849"}],"wp:term":[{"taxonomy":"product_brand","embeddable":true,"href":"https:\/\/jankakiss.com\/en\/wp-json\/wp\/v2\/product_brand?post=7849"},{"taxonomy":"product_cat","embeddable":true,"href":"https:\/\/jankakiss.com\/en\/wp-json\/wp\/v2\/product_cat?post=7849"},{"taxonomy":"product_tag","embeddable":true,"href":"https:\/\/jankakiss.com\/en\/wp-json\/wp\/v2\/product_tag?post=7849"}],"curies":[{"name":"wp","href":"https:\/\/api.w.org\/{rel}","templated":true}]}}